{"id":2175,"date":"2025-03-31T10:29:38","date_gmt":"2025-03-31T10:29:38","guid":{"rendered":"https:\/\/wrebook.com\/?post_type=product&#038;p=2175"},"modified":"2025-10-08T15:46:39","modified_gmt":"2025-10-08T15:46:39","slug":"un-libro-in-cerca-di-titolo","status":"publish","type":"product","link":"https:\/\/wrebook.com\/en\/product\/un-libro-in-cerca-di-titolo\/","title":{"rendered":"Un libro in cerca di titolo"},"content":{"rendered":"<p>[et_pb_section fb_built=&#8221;1&#8243; _builder_version=&#8221;4.16&#8243; custom_padding=&#8221;0px||||false|false&#8221; global_colors_info=&#8221;{}&#8221;][et_pb_row _builder_version=&#8221;4.16&#8243; background_size=&#8221;initial&#8221; background_position=&#8221;top_left&#8221; background_repeat=&#8221;repeat&#8221; width=&#8221;100%&#8221; custom_padding=&#8221;0px||0px||false|false&#8221; global_colors_info=&#8221;{}&#8221;][et_pb_column type=&#8221;4_4&#8243; _builder_version=&#8221;4.16&#8243; custom_padding=&#8221;|||&#8221; global_colors_info=&#8221;{}&#8221; custom_padding__hover=&#8221;|||&#8221;][et_pb_wc_breadcrumb _builder_version=&#8221;4.16&#8243; global_colors_info=&#8221;{}&#8221;][\/et_pb_wc_breadcrumb][et_pb_wc_cart_notice _builder_version=&#8221;4.16&#8243; global_colors_info=&#8221;{}&#8221;][\/et_pb_wc_cart_notice][\/et_pb_column][\/et_pb_row][et_pb_row column_structure=&#8221;1_2,1_2&#8243; _builder_version=&#8221;4.16&#8243; background_size=&#8221;initial&#8221; background_position=&#8221;top_left&#8221; background_repeat=&#8221;repeat&#8221; width=&#8221;100%&#8221; custom_padding=&#8221;0px||||false|false&#8221; global_colors_info=&#8221;{}&#8221;][et_pb_column type=&#8221;1_2&#8243; _builder_version=&#8221;4.16&#8243; custom_padding=&#8221;|||&#8221; global_colors_info=&#8221;{}&#8221; custom_padding__hover=&#8221;|||&#8221;][et_pb_wc_images _builder_version=&#8221;4.27.4&#8243; global_colors_info=&#8221;{}&#8221;][\/et_pb_wc_images][\/et_pb_column][et_pb_column type=&#8221;1_2&#8243; _builder_version=&#8221;4.16&#8243; custom_padding=&#8221;|||&#8221; global_colors_info=&#8221;{}&#8221; custom_padding__hover=&#8221;|||&#8221;][et_pb_wc_title _builder_version=&#8221;4.16&#8243; global_colors_info=&#8221;{}&#8221;][\/et_pb_wc_title][et_pb_wc_rating _builder_version=&#8221;4.16&#8243; global_colors_info=&#8221;{}&#8221;][\/et_pb_wc_rating][et_pb_wc_price _builder_version=&#8221;4.16&#8243; global_colors_info=&#8221;{}&#8221;][\/et_pb_wc_price][et_pb_wc_description _builder_version=&#8221;4.16&#8243; global_colors_info=&#8221;{}&#8221;][\/et_pb_wc_description][et_pb_wc_add_to_cart _builder_version=&#8221;4.16&#8243; global_colors_info=&#8221;{}&#8221;][\/et_pb_wc_add_to_cart][et_pb_wc_meta _builder_version=&#8221;4.16&#8243; global_colors_info=&#8221;{}&#8221;][\/et_pb_wc_meta][\/et_pb_column][\/et_pb_row][et_pb_row _builder_version=&#8221;4.16&#8243; background_size=&#8221;initial&#8221; background_position=&#8221;top_left&#8221; background_repeat=&#8221;repeat&#8221; width=&#8221;100%&#8221; global_colors_info=&#8221;{}&#8221;][et_pb_column type=&#8221;4_4&#8243; _builder_version=&#8221;4.16&#8243; custom_padding=&#8221;|||&#8221; global_colors_info=&#8221;{}&#8221; custom_padding__hover=&#8221;|||&#8221;][et_pb_wc_tabs _builder_version=&#8221;4.16&#8243; global_colors_info=&#8221;{}&#8221;]\t\t\t\t\t[\/et_pb_wc_tabs][et_pb_wc_upsells _builder_version=&#8221;4.16&#8243; global_colors_info=&#8221;{}&#8221;][\/et_pb_wc_upsells][et_pb_wc_related_products _builder_version=&#8221;4.16&#8243; global_colors_info=&#8221;{}&#8221;][\/et_pb_wc_related_products][\/et_pb_column][\/et_pb_row][\/et_pb_section]<\/p>\n","protected":false},"excerpt":{"rendered":"","protected":false},"featured_media":2185,"comment_status":"closed","ping_status":"closed","template":"","meta":{"_et_pb_use_builder":"on","_et_pb_old_content":"<p class=\"p1\">Questo libro non parla solo di studio. Parla di te. Di ci\u00f2 che puoi diventare quando smetti di vedere lo studio come un obbligo e inizi a viverlo come un'opportunit\u00e0. \u00c8 un viaggio dentro il tuo potenziale, un percorso che intreccia conoscenza, emozioni, abitudini e benessere.<\/p>\r\n<p class=\"p1\">Non importa da dove parti, ma la direzione che scegli. Qui troverai spunti, riflessioni ed esercizi per rendere lo studio un alleato, non un ostacolo. Che tu sia uno studente in cerca di un metodo efficace, un genitore che vuole sostenere il proprio figlio o un educatore che accompagna giovani menti, questo libro ti offrir\u00e0 strumenti concreti e nuove prospettive.<\/p>\r\n<p class=\"p1\">Dopo anni di esperienza sul campo, <b>Chiara Petragnan<\/b>i condivide un approccio che non impone regole, ma apre possibilit\u00e0. Un metodo che non separa mente, corpo ed emozioni, ma li armonizza. Tra motivazione, strategie di apprendimento, alimentazione e benessere, questo libro non ti dice cosa fare, ma ti aiuta a scoprire come farlo nel modo pi\u00f9 adatto a te.<\/p>\r\n<p class=\"p1\">Studiare non \u00e8 solo imparare, \u00e8 scegliere chi vuoi diventare.<\/p>","_et_gb_content_width":""},"product_brand":[],"product_cat":[30,22],"product_tag":[],"class_list":{"0":"post-2175","1":"product","2":"type-product","3":"status-publish","4":"has-post-thumbnail","6":"product_cat-italiano","7":"product_cat-wrebook","9":"first","10":"instock","11":"taxable","12":"shipping-taxable","13":"purchasable","14":"product-type-simple"},"yoast_head":"<!-- This site is optimized with the Yoast SEO plugin v26.1.1 - https:\/\/yoast.com\/wordpress\/plugins\/seo\/ -->\n<title>Un libro in cerca di titolo - Wrebook<\/title>\n<meta name=\"description\" content=\"Chiara Petragnani condivide un approccio che non impone regole, ma apre possibilit\u00e0. Un metodo che non separa mente, corpo ed emozioni\" \/>\n<meta name=\"robots\" content=\"index, follow, max-snippet:-1, max-image-preview:large, max-video-preview:-1\" \/>\n<link rel=\"canonical\" href=\"https:\/\/wrebook.com\/en\/product\/un-libro-in-cerca-di-titolo\/\" \/>\n<meta property=\"og:locale\" content=\"en_US\" \/>\n<meta property=\"og:type\" content=\"article\" \/>\n<meta property=\"og:title\" content=\"Un libro in cerca di titolo - Wrebook\" \/>\n<meta property=\"og:description\" content=\"Chiara Petragnani condivide un approccio che non impone regole, ma apre possibilit\u00e0. Un metodo che non separa mente, corpo ed emozioni\" \/>\n<meta property=\"og:url\" content=\"https:\/\/wrebook.com\/en\/product\/un-libro-in-cerca-di-titolo\/\" \/>\n<meta property=\"og:site_name\" content=\"Wrebook\" \/>\n<meta property=\"article:modified_time\" content=\"2025-10-08T15:46:39+00:00\" \/>\n<meta property=\"og:image\" content=\"https:\/\/wrebook.com\/wp-content\/uploads\/2025\/04\/un_libro_in_cerca_di_titolo_cover.jpg\" \/>\n\t<meta property=\"og:image:width\" content=\"1216\" \/>\n\t<meta property=\"og:image:height\" content=\"1680\" \/>\n\t<meta property=\"og:image:type\" content=\"image\/jpeg\" \/>\n<meta name=\"twitter:card\" content=\"summary_large_image\" \/>\n<meta name=\"twitter:site\" content=\"@wrebookx\" \/>\n<meta name=\"twitter:label1\" content=\"Est. reading time\" \/>\n\t<meta name=\"twitter:data1\" content=\"1 minute\" \/>\n<script type=\"application\/ld+json\" class=\"yoast-schema-graph\">{\"@context\":\"https:\/\/schema.org\",\"@graph\":[{\"@type\":\"WebPage\",\"@id\":\"https:\/\/wrebook.com\/en\/product\/un-libro-in-cerca-di-titolo\/\",\"url\":\"https:\/\/wrebook.com\/en\/product\/un-libro-in-cerca-di-titolo\/\",\"name\":\"Un libro in cerca di titolo - Wrebook\",\"isPartOf\":{\"@id\":\"https:\/\/wrebook.com\/en\/#website\"},\"primaryImageOfPage\":{\"@id\":\"https:\/\/wrebook.com\/en\/product\/un-libro-in-cerca-di-titolo\/#primaryimage\"},\"image\":{\"@id\":\"https:\/\/wrebook.com\/en\/product\/un-libro-in-cerca-di-titolo\/#primaryimage\"},\"thumbnailUrl\":\"https:\/\/wrebook.com\/wp-content\/uploads\/2025\/04\/un_libro_in_cerca_di_titolo_cover.jpg\",\"datePublished\":\"2025-03-31T10:29:38+00:00\",\"dateModified\":\"2025-10-08T15:46:39+00:00\",\"description\":\"Chiara Petragnani condivide un approccio che non impone regole, ma apre possibilit\u00e0. Un metodo che non separa mente, corpo ed emozioni\",\"breadcrumb\":{\"@id\":\"https:\/\/wrebook.com\/en\/product\/un-libro-in-cerca-di-titolo\/#breadcrumb\"},\"inLanguage\":\"en-US\",\"potentialAction\":[{\"@type\":\"ReadAction\",\"target\":[\"https:\/\/wrebook.com\/en\/product\/un-libro-in-cerca-di-titolo\/\"]}]},{\"@type\":\"ImageObject\",\"inLanguage\":\"en-US\",\"@id\":\"https:\/\/wrebook.com\/en\/product\/un-libro-in-cerca-di-titolo\/#primaryimage\",\"url\":\"https:\/\/wrebook.com\/wp-content\/uploads\/2025\/04\/un_libro_in_cerca_di_titolo_cover.jpg\",\"contentUrl\":\"https:\/\/wrebook.com\/wp-content\/uploads\/2025\/04\/un_libro_in_cerca_di_titolo_cover.jpg\",\"width\":1216,\"height\":1680},{\"@type\":\"BreadcrumbList\",\"@id\":\"https:\/\/wrebook.com\/en\/product\/un-libro-in-cerca-di-titolo\/#breadcrumb\",\"itemListElement\":[{\"@type\":\"ListItem\",\"position\":1,\"name\":\"Home\",\"item\":\"https:\/\/wrebook.com\/en\/\"},{\"@type\":\"ListItem\",\"position\":2,\"name\":\"shop\",\"item\":\"https:\/\/wrebook.com\/en\/shop\/\"},{\"@type\":\"ListItem\",\"position\":3,\"name\":\"Un libro in cerca di titolo\"}]},{\"@type\":\"WebSite\",\"@id\":\"https:\/\/wrebook.com\/en\/#website\",\"url\":\"https:\/\/wrebook.com\/en\/\",\"name\":\"Wrebook\",\"description\":\"Il nuovo modo di scrivere e leggere un libro\",\"publisher\":{\"@id\":\"https:\/\/wrebook.com\/en\/#organization\"},\"potentialAction\":[{\"@type\":\"SearchAction\",\"target\":{\"@type\":\"EntryPoint\",\"urlTemplate\":\"https:\/\/wrebook.com\/en\/?s={search_term_string}\"},\"query-input\":{\"@type\":\"PropertyValueSpecification\",\"valueRequired\":true,\"valueName\":\"search_term_string\"}}],\"inLanguage\":\"en-US\"},{\"@type\":\"Organization\",\"@id\":\"https:\/\/wrebook.com\/en\/#organization\",\"name\":\"Wrebook\",\"url\":\"https:\/\/wrebook.com\/en\/\",\"logo\":{\"@type\":\"ImageObject\",\"inLanguage\":\"en-US\",\"@id\":\"https:\/\/wrebook.com\/en\/#\/schema\/logo\/image\/\",\"url\":\"https:\/\/wrebook.com\/wp-content\/uploads\/2024\/04\/il-Nuovo-Libro-il-Libro-e-Nuovo-.jpg\",\"contentUrl\":\"https:\/\/wrebook.com\/wp-content\/uploads\/2024\/04\/il-Nuovo-Libro-il-Libro-e-Nuovo-.jpg\",\"width\":1500,\"height\":500,\"caption\":\"Wrebook\"},\"image\":{\"@id\":\"https:\/\/wrebook.com\/en\/#\/schema\/logo\/image\/\"},\"sameAs\":[\"https:\/\/x.com\/wrebookx\",\"https:\/\/www.instagram.com\/wrebookcom\/\"]}]}<\/script>\n<!-- \/ Yoast SEO plugin. -->","yoast_head_json":{"title":"Un libro in cerca di titolo - Wrebook","description":"Chiara Petragnani condivide un approccio che non impone regole, ma apre possibilit\u00e0. Un metodo che non separa mente, corpo ed emozioni","robots":{"index":"index","follow":"follow","max-snippet":"max-snippet:-1","max-image-preview":"max-image-preview:large","max-video-preview":"max-video-preview:-1"},"canonical":"https:\/\/wrebook.com\/en\/product\/un-libro-in-cerca-di-titolo\/","og_locale":"en_US","og_type":"article","og_title":"Un libro in cerca di titolo - Wrebook","og_description":"Chiara Petragnani condivide un approccio che non impone regole, ma apre possibilit\u00e0. Un metodo che non separa mente, corpo ed emozioni","og_url":"https:\/\/wrebook.com\/en\/product\/un-libro-in-cerca-di-titolo\/","og_site_name":"Wrebook","article_modified_time":"2025-10-08T15:46:39+00:00","og_image":[{"width":1216,"height":1680,"url":"https:\/\/wrebook.com\/wp-content\/uploads\/2025\/04\/un_libro_in_cerca_di_titolo_cover.jpg","type":"image\/jpeg"}],"twitter_card":"summary_large_image","twitter_site":"@wrebookx","twitter_misc":{"Est. reading time":"1 minute"},"schema":{"@context":"https:\/\/schema.org","@graph":[{"@type":"WebPage","@id":"https:\/\/wrebook.com\/en\/product\/un-libro-in-cerca-di-titolo\/","url":"https:\/\/wrebook.com\/en\/product\/un-libro-in-cerca-di-titolo\/","name":"Un libro in cerca di titolo - Wrebook","isPartOf":{"@id":"https:\/\/wrebook.com\/en\/#website"},"primaryImageOfPage":{"@id":"https:\/\/wrebook.com\/en\/product\/un-libro-in-cerca-di-titolo\/#primaryimage"},"image":{"@id":"https:\/\/wrebook.com\/en\/product\/un-libro-in-cerca-di-titolo\/#primaryimage"},"thumbnailUrl":"https:\/\/wrebook.com\/wp-content\/uploads\/2025\/04\/un_libro_in_cerca_di_titolo_cover.jpg","datePublished":"2025-03-31T10:29:38+00:00","dateModified":"2025-10-08T15:46:39+00:00","description":"Chiara Petragnani condivide un approccio che non impone regole, ma apre possibilit\u00e0. Un metodo che non separa mente, corpo ed emozioni","breadcrumb":{"@id":"https:\/\/wrebook.com\/en\/product\/un-libro-in-cerca-di-titolo\/#breadcrumb"},"inLanguage":"en-US","potentialAction":[{"@type":"ReadAction","target":["https:\/\/wrebook.com\/en\/product\/un-libro-in-cerca-di-titolo\/"]}]},{"@type":"ImageObject","inLanguage":"en-US","@id":"https:\/\/wrebook.com\/en\/product\/un-libro-in-cerca-di-titolo\/#primaryimage","url":"https:\/\/wrebook.com\/wp-content\/uploads\/2025\/04\/un_libro_in_cerca_di_titolo_cover.jpg","contentUrl":"https:\/\/wrebook.com\/wp-content\/uploads\/2025\/04\/un_libro_in_cerca_di_titolo_cover.jpg","width":1216,"height":1680},{"@type":"BreadcrumbList","@id":"https:\/\/wrebook.com\/en\/product\/un-libro-in-cerca-di-titolo\/#breadcrumb","itemListElement":[{"@type":"ListItem","position":1,"name":"Home","item":"https:\/\/wrebook.com\/en\/"},{"@type":"ListItem","position":2,"name":"shop","item":"https:\/\/wrebook.com\/en\/shop\/"},{"@type":"ListItem","position":3,"name":"Un libro in cerca di titolo"}]},{"@type":"WebSite","@id":"https:\/\/wrebook.com\/en\/#website","url":"https:\/\/wrebook.com\/en\/","name":"Wrebook","description":"Il nuovo modo di scrivere e leggere un libro","publisher":{"@id":"https:\/\/wrebook.com\/en\/#organization"},"potentialAction":[{"@type":"SearchAction","target":{"@type":"EntryPoint","urlTemplate":"https:\/\/wrebook.com\/en\/?s={search_term_string}"},"query-input":{"@type":"PropertyValueSpecification","valueRequired":true,"valueName":"search_term_string"}}],"inLanguage":"en-US"},{"@type":"Organization","@id":"https:\/\/wrebook.com\/en\/#organization","name":"Wrebook","url":"https:\/\/wrebook.com\/en\/","logo":{"@type":"ImageObject","inLanguage":"en-US","@id":"https:\/\/wrebook.com\/en\/#\/schema\/logo\/image\/","url":"https:\/\/wrebook.com\/wp-content\/uploads\/2024\/04\/il-Nuovo-Libro-il-Libro-e-Nuovo-.jpg","contentUrl":"https:\/\/wrebook.com\/wp-content\/uploads\/2024\/04\/il-Nuovo-Libro-il-Libro-e-Nuovo-.jpg","width":1500,"height":500,"caption":"Wrebook"},"image":{"@id":"https:\/\/wrebook.com\/en\/#\/schema\/logo\/image\/"},"sameAs":["https:\/\/x.com\/wrebookx","https:\/\/www.instagram.com\/wrebookcom\/"]}]}},"_links":{"self":[{"href":"https:\/\/wrebook.com\/en\/wp-json\/wp\/v2\/product\/2175","targetHints":{"allow":["GET"]}}],"collection":[{"href":"https:\/\/wrebook.com\/en\/wp-json\/wp\/v2\/product"}],"about":[{"href":"https:\/\/wrebook.com\/en\/wp-json\/wp\/v2\/types\/product"}],"replies":[{"embeddable":true,"href":"https:\/\/wrebook.com\/en\/wp-json\/wp\/v2\/comments?post=2175"}],"wp:featuredmedia":[{"embeddable":true,"href":"https:\/\/wrebook.com\/en\/wp-json\/wp\/v2\/media\/2185"}],"wp:attachment":[{"href":"https:\/\/wrebook.com\/en\/wp-json\/wp\/v2\/media?parent=2175"}],"wp:term":[{"taxonomy":"product_brand","embeddable":true,"href":"https:\/\/wrebook.com\/en\/wp-json\/wp\/v2\/product_brand?post=2175"},{"taxonomy":"product_cat","embeddable":true,"href":"https:\/\/wrebook.com\/en\/wp-json\/wp\/v2\/product_cat?post=2175"},{"taxonomy":"product_tag","embeddable":true,"href":"https:\/\/wrebook.com\/en\/wp-json\/wp\/v2\/product_tag?post=2175"}],"curies":[{"name":"wp","href":"https:\/\/api.w.org\/{rel}","templated":true}]}}